{"id":769,"date":"2020-03-23T14:43:44","date_gmt":"2020-03-23T13:43:44","guid":{"rendered":"http:\/\/alamal-immobilier.ma\/agence\/?page_id=769"},"modified":"2024-09-04T01:58:37","modified_gmt":"2024-09-04T00:58:37","slug":"louer","status":"publish","type":"page","link":"https:\/\/alamal-immobilier.ma\/agence\/louer\/","title":{"rendered":"vous cherchez a louer"},"content":{"rendered":"\t\t<div data-elementor-type=\"wp-page\" data-elementor-id=\"769\" class=\"elementor elementor-769\">\n\t\t\t\t\t\t<section class=\"elementor-section elementor-top-section elementor-element elementor-element-6af72d72 elementor-section-boxed elementor-section-height-default elementor-section-height-default\" data-id=\"6af72d72\" data-element_type=\"section\" data-e-type=\"section\">\n\t\t\t\t\t\t<div class=\"elementor-container elementor-column-gap-default\">\n\t\t\t\t\t<div class=\"elementor-column elementor-col-100 elementor-top-column elementor-element elementor-element-519135b1\" data-id=\"519135b1\" data-element_type=\"column\" data-e-type=\"column\">\n\t\t\t<div class=\"elementor-widget-wrap\">\n\t\t\t\t\t\t\t<\/div>\n\t\t<\/div>\n\t\t\t\t\t<\/div>\n\t\t<\/section>\n\t\t\t\t<section class=\"elementor-section elementor-top-section elementor-element elementor-element-2d6a5c7 elementor-section-boxed elementor-section-height-default elementor-section-height-default\" data-id=\"2d6a5c7\" data-element_type=\"section\" data-e-type=\"section\">\n\t\t\t\t\t\t<div class=\"elementor-container elementor-column-gap-default\">\n\t\t\t\t\t<div class=\"elementor-column elementor-col-100 elementor-top-column elementor-element elementor-element-83a923f\" data-id=\"83a923f\" data-element_type=\"column\" data-e-type=\"column\">\n\t\t\t<div class=\"elementor-widget-wrap elementor-element-populated\">\n\t\t\t\t\t\t<div class=\"elementor-element elementor-element-4e78165 elementor-widget elementor-widget-wpforms\" data-id=\"4e78165\" data-element_type=\"widget\" data-e-type=\"widget\" data-widget_type=\"wpforms.default\">\n\t\t\t\t<div class=\"elementor-widget-container\">\n\t\t\t\t\t<div class=\"wpforms-container wpforms-container-full\" id=\"wpforms-346\"><form id=\"wpforms-form-346\" class=\"wpforms-validate wpforms-form wpforms-ajax-form\" data-formid=\"346\" method=\"post\" enctype=\"multipart\/form-data\" action=\"\/agence\/wp-json\/wp\/v2\/pages\/769\" data-token=\"303dc4f0ca92ded8abaf17d1eaab33f5\" data-token-time=\"1776526320\"><noscript class=\"wpforms-error-noscript\">Veuillez activer JavaScript dans votre navigateur pour remplir ce formulaire.<\/noscript><div class=\"wpforms-field-container\"><div id=\"wpforms-346-field_6-container\" class=\"wpforms-field wpforms-field-select wpforms-field-select-style-classic\" data-field-id=\"6\"><label class=\"wpforms-field-label\" for=\"wpforms-346-field_6\">Formulaire de contact simple<\/label><select id=\"wpforms-346-field_6\" class=\"wpforms-field-medium\" name=\"wpforms[fields][6]\"><option value=\"Formulaire de contact simple\"  class=\"choice-1 depth-1\"  >Formulaire de contact simple<\/option><\/select><\/div><div id=\"wpforms-346-field_0-container\" class=\"wpforms-field wpforms-field-name\" data-field-id=\"0\"><label class=\"wpforms-field-label\">NOM ET PRENOM  <span class=\"wpforms-required-label\">*<\/span><\/label><div class=\"wpforms-field-row wpforms-field-medium\"><div class=\"wpforms-field-row-block wpforms-first wpforms-one-half\"><input type=\"text\" id=\"wpforms-346-field_0\" class=\"wpforms-field-name-first wpforms-field-required\" name=\"wpforms[fields][0][first]\" required><label for=\"wpforms-346-field_0\" class=\"wpforms-field-sublabel after\">Pr\u00e9nom<\/label><\/div><div class=\"wpforms-field-row-block wpforms-one-half\"><input type=\"text\" id=\"wpforms-346-field_0-last\" class=\"wpforms-field-name-last wpforms-field-required\" name=\"wpforms[fields][0][last]\" required><label for=\"wpforms-346-field_0-last\" class=\"wpforms-field-sublabel after\">Nom<\/label><\/div><\/div><\/div><div id=\"wpforms-346-field_3-container\" class=\"wpforms-field wpforms-field-number\" data-field-id=\"3\"><label class=\"wpforms-field-label\" for=\"wpforms-346-field_3\">TELEPHONE <\/label><input type=\"number\" id=\"wpforms-346-field_3\" class=\"wpforms-field-medium\" name=\"wpforms[fields][3]\" step=\"any\" ><\/div><div id=\"wpforms-346-field_1-container\" class=\"wpforms-field wpforms-field-email\" data-field-id=\"1\"><label class=\"wpforms-field-label\">E-MAIL <span class=\"wpforms-required-label\">*<\/span><\/label><div class=\"wpforms-field-row wpforms-field-medium\"><div class=\"wpforms-field-row-block wpforms-one-half wpforms-first\"><input type=\"email\" id=\"wpforms-346-field_1\" class=\"wpforms-field-required wpforms-field-email-primary\" name=\"wpforms[fields][1][primary]\" spellcheck=\"false\" required><label for=\"wpforms-346-field_1\" class=\"wpforms-field-sublabel after\">E-mail<\/label><\/div><div class=\"wpforms-field-row-block wpforms-one-half\"><input type=\"email\" id=\"wpforms-346-field_1-secondary\" class=\"wpforms-field-email-secondary wpforms-field-required\" data-rule-confirm=\"#wpforms-346-field_1\" name=\"wpforms[fields][1][secondary]\" spellcheck=\"false\" required><label for=\"wpforms-346-field_1-secondary\" class=\"wpforms-field-sublabel after\">Confirmez l\u2019e-mail<\/label><\/div><\/div><\/div><div id=\"wpforms-346-field_5-container\" class=\"wpforms-field wpforms-field-text\" data-field-id=\"5\"><label class=\"wpforms-field-label\" for=\"wpforms-346-field_5\">objet <\/label><input type=\"text\" id=\"wpforms-346-field_5\" class=\"wpforms-field-medium\" name=\"wpforms[fields][5]\" ><\/div><div id=\"wpforms-346-field_2-container\" class=\"wpforms-field wpforms-field-textarea\" data-field-id=\"2\"><label class=\"wpforms-field-label\" for=\"wpforms-346-field_2\">Commentaire ou message <span class=\"wpforms-required-label\">*<\/span><\/label><textarea id=\"wpforms-346-field_2\" class=\"wpforms-field-medium wpforms-field-required\" name=\"wpforms[fields][2]\" required><\/textarea><\/div><\/div><!-- .wpforms-field-container --><div class=\"wpforms-field wpforms-field-hp\"><label for=\"wpforms-346-field-hp\" class=\"wpforms-field-label\">Comment<\/label><input type=\"text\" name=\"wpforms[hp]\" id=\"wpforms-346-field-hp\" class=\"wpforms-field-medium\"><\/div><div class=\"wpforms-recaptcha-container wpforms-is-recaptcha wpforms-is-recaptcha-type-v2\" ><div class=\"g-recaptcha\" data-sitekey=\"6LcWex0pAAAAALV6gpn84BxoYPg07iDFM4ZMNfhb\"><\/div><input type=\"text\" name=\"g-recaptcha-hidden\" class=\"wpforms-recaptcha-hidden\" style=\"position:absolute!important;clip:rect(0,0,0,0)!important;height:1px!important;width:1px!important;border:0!important;overflow:hidden!important;padding:0!important;margin:0!important;\" data-rule-recaptcha=\"1\"><\/div><div class=\"wpforms-submit-container\" ><input type=\"hidden\" name=\"wpforms[id]\" value=\"346\"><input type=\"hidden\" name=\"page_title\" value=\"\"><input type=\"hidden\" name=\"page_url\" value=\"https:\/\/alamal-immobilier.ma\/agence\/wp-json\/wp\/v2\/pages\/769\"><input type=\"hidden\" name=\"url_referer\" value=\"\"><button type=\"submit\" name=\"wpforms[submit]\" id=\"wpforms-submit-346\" class=\"wpforms-submit\" data-alt-text=\"Envoi...\" data-submit-text=\"Envoyer\" aria-live=\"assertive\" value=\"wpforms-submit\">Envoyer<\/button><img decoding=\"async\" src=\"https:\/\/alamal-immobilier.ma\/agence\/wp-content\/plugins\/wpforms-lite\/assets\/images\/submit-spin.svg\" class=\"wpforms-submit-spinner\" style=\"display: none;\" width=\"26\" height=\"26\" alt=\"Chargement en cours\" title=\"\"><\/div><\/form><\/div>  <!-- .wpforms-container -->\t\t\t\t<\/div>\n\t\t\t\t<\/div>\n\t\t\t\t\t<\/div>\n\t\t<\/div>\n\t\t\t\t\t<\/div>\n\t\t<\/section>\n\t\t\t\t<section class=\"elementor-section elementor-top-section elementor-element elementor-element-0c87008 elementor-section-boxed elementor-section-height-default elementor-section-height-default\" data-id=\"0c87008\" data-element_type=\"section\" data-e-type=\"section\">\n\t\t\t\t\t\t<div class=\"elementor-container elementor-column-gap-default\">\n\t\t\t\t\t<div class=\"elementor-column elementor-col-100 elementor-top-column elementor-element elementor-element-3f7de6f\" data-id=\"3f7de6f\" data-element_type=\"column\" data-e-type=\"column\">\n\t\t\t<div class=\"elementor-widget-wrap elementor-element-populated\">\n\t\t\t\t\t\t<div class=\"elementor-element elementor-element-70fabc3 elementor-widget elementor-widget-html\" data-id=\"70fabc3\" data-element_type=\"widget\" data-e-type=\"widget\" data-widget_type=\"html.default\">\n\t\t\t\t<div class=\"elementor-widget-container\">\n\t\t\t\t\t<!-- Calendly inline widget begin -->\n<div class=\"calendly-inline-widget\" data-url=\"https:\/\/calendly.com\/alamalimmo\/visite\" style=\"min-width:320px;height:630px;\"><\/div>\n<script type=\"text\/javascript\" src=\"https:\/\/assets.calendly.com\/assets\/external\/widget.js\" async=\"\"><\/script>\n<!-- Calendly inline widget end -->\t\t\t\t<\/div>\n\t\t\t\t<\/div>\n\t\t\t\t\t<\/div>\n\t\t<\/div>\n\t\t\t\t\t<\/div>\n\t\t<\/section>\n\t\t\t\t<section class=\"elementor-section elementor-top-section elementor-element elementor-element-3cb94f0 elementor-section-boxed elementor-section-height-default elementor-section-height-default\" data-id=\"3cb94f0\" data-element_type=\"section\" data-e-type=\"section\">\n\t\t\t\t\t\t<div class=\"elementor-container elementor-column-gap-default\">\n\t\t\t\t\t<div class=\"elementor-column elementor-col-50 elementor-top-column elementor-element elementor-element-a00801b\" data-id=\"a00801b\" data-element_type=\"column\" data-e-type=\"column\">\n\t\t\t<div class=\"elementor-widget-wrap elementor-element-populated\">\n\t\t\t\t\t\t<div class=\"elementor-element elementor-element-03e868d elementor-widget elementor-widget-image\" data-id=\"03e868d\" data-element_type=\"widget\" data-e-type=\"widget\" data-widget_type=\"image.default\">\n\t\t\t\t<div class=\"elementor-widget-container\">\n\t\t\t\t\t\t\t\t\t\t\t\t\t\t\t<img fetchpriority=\"high\" decoding=\"async\" width=\"300\" height=\"206\" src=\"https:\/\/alamal-immobilier.ma\/agence\/wp-content\/uploads\/2024\/09\/Couple-300SSSx206-1.jpg\" class=\"attachment-large size-large wp-image-31706\" alt=\"\" srcset=\"https:\/\/alamal-immobilier.ma\/agence\/wp-content\/uploads\/2024\/09\/Couple-300SSSx206-1.jpg 300w, https:\/\/alamal-immobilier.ma\/agence\/wp-content\/uploads\/2024\/09\/Couple-300SSSx206-1-150x103.jpg 150w\" sizes=\"(max-width: 300px) 100vw, 300px\" title=\"\">\t\t\t\t\t\t\t\t\t\t\t\t\t\t\t<\/div>\n\t\t\t\t<\/div>\n\t\t\t\t\t<\/div>\n\t\t<\/div>\n\t\t\t\t<div class=\"elementor-column elementor-col-50 elementor-top-column elementor-element elementor-element-e7db385\" data-id=\"e7db385\" data-element_type=\"column\" data-e-type=\"column\">\n\t\t\t<div class=\"elementor-widget-wrap elementor-element-populated\">\n\t\t\t\t\t\t<div class=\"elementor-element elementor-element-5861bb26 elementor-widget elementor-widget-text-editor\" data-id=\"5861bb26\" data-element_type=\"widget\" data-e-type=\"widget\" data-widget_type=\"text-editor.default\">\n\t\t\t\t<div class=\"elementor-widget-container\">\n\t\t\t\t\t\t\t\t\t<h3><strong>VOUS CHERCHEZ A LOUER :<\/strong> Vous avez une situation sp\u00e9ciale , vous \u00eates contraints de louer , beaucoup de choses \u00e9voluent dans votre vie\u00a0 , ou vous voulez un bien a louer pour r\u00e9pondre a votre besoin ; Devant ces multitudes de questions, nous allons vous aider a trouver le bien qui repond le plus a vos exigences a travers<\/h3>\n<ul>\n<li>\n<h3>les offres propos\u00e9es sur notre site et sur le marche<\/h3>\n<\/li>\n<li>\n<h3>les offres avec nos partanaires<\/h3>\n<\/li>\n<li>\n<h3>notre reseau de contact<\/h3>\n<\/li>\n<\/ul>\n<h3>\u00a0<\/h3>\n<h3>N&rsquo;h\u00e9sitez pas \u00e0 nous contacter.<\/h3>\n<ul>\n<li>\n<h3>votre interlocuteur :<\/h3>\n<\/li>\n<li>\n<h3>SIMOHAMED BENNANI<\/h3>\n<\/li>\n<li>\n<h3>Contact : +212 6 61 200780<\/h3>\n<\/li>\n<li>\n<h3>E-mail :alamal-immobilier@menara.ma<\/h3>\n<\/li>\n<\/ul>\n\t\t\t\t\t\t\t\t<\/div>\n\t\t\t\t<\/div>\n\t\t\t\t\t<\/div>\n\t\t<\/div>\n\t\t\t\t\t<\/div>\n\t\t<\/section>\n\t\t\t\t<section class=\"elementor-section elementor-top-section elementor-element elementor-element-834a2ad elementor-section-boxed elementor-section-height-default elementor-section-height-default\" data-id=\"834a2ad\" data-element_type=\"section\" data-e-type=\"section\">\n\t\t\t\t\t\t<div class=\"elementor-container elementor-column-gap-default\">\n\t\t\t\t\t<div class=\"elementor-column elementor-col-50 elementor-top-column elementor-element elementor-element-3616b67\" data-id=\"3616b67\" data-element_type=\"column\" data-e-type=\"column\">\n\t\t\t<div class=\"elementor-widget-wrap elementor-element-populated\">\n\t\t\t\t\t\t<div class=\"elementor-element elementor-element-0b06f6a elementor-widget elementor-widget-text-editor\" data-id=\"0b06f6a\" data-element_type=\"widget\" data-e-type=\"widget\" data-widget_type=\"text-editor.default\">\n\t\t\t\t<div class=\"elementor-widget-container\">\n\t\t\t\t\t\t\t\t\t<h3><strong>VOUS ETES LOUEUR<\/strong> :\u00a0 Vous avez un bien immobilier que vous voulez louer , mais vous cherchez un bon profil , vous ne savez pas comment proceder ; notre action avec vous ou pour vous<\/h3>\n<ul>\n<li>\n<h3>etude avec vous l etude d&rsquo; un BON profil<\/h3>\n<\/li>\n<li>\n<h3>demande des pieces justificatifs\u00a0 des\u00a0 revenus<\/h3>\n<\/li>\n<li>\n<h3>demander les garanties necessaires<\/h3>\n<\/li>\n<li>\n<h3>vous assister pour la location gerance<\/h3>\n<\/li>\n<li>\n<h3>vous eclairer sur vos droits et obligations<\/h3>\n<\/li>\n<li>\n<h3>faire des visites<\/h3>\n<\/li>\n<li>\n<h3>etablissement etats de lieux<\/h3>\n<\/li>\n<li>\n<h3>jusqu&rsquo;a l&rsquo;aboutissement de votre projet<\/h3>\n<\/li>\n<\/ul>\n<h3>Notre objectif est de vous servir , conseiller ,avec efficacit\u00e9 et rapidit\u00e9.<\/h3>\n<h3>N&rsquo;h\u00e9sitez pas \u00e0 nous contacter.<\/h3>\n<ul>\n<li>\n<h3>votre interlocuteur :<\/h3>\n<\/li>\n<li>\n<h3>SIMOHAMED BENNANI<\/h3>\n<\/li>\n<li>\n<h3>Contact : +212 6 61 200780<\/h3>\n<\/li>\n<li>\n<h3>E-mail :alamal-immobilier@menara.ma<\/h3>\n<\/li>\n<\/ul>\n\t\t\t\t\t\t\t\t<\/div>\n\t\t\t\t<\/div>\n\t\t\t\t\t<\/div>\n\t\t<\/div>\n\t\t\t\t<div class=\"elementor-column elementor-col-50 elementor-top-column elementor-element elementor-element-065a9c4\" data-id=\"065a9c4\" data-element_type=\"column\" data-e-type=\"column\">\n\t\t\t<div class=\"elementor-widget-wrap elementor-element-populated\">\n\t\t\t\t\t\t<div class=\"elementor-element elementor-element-2d0f5e0 elementor-widget elementor-widget-image\" data-id=\"2d0f5e0\" data-element_type=\"widget\" data-e-type=\"widget\" data-widget_type=\"image.default\">\n\t\t\t\t<div class=\"elementor-widget-container\">\n\t\t\t\t\t\t\t\t\t\t\t\t\t\t\t<img decoding=\"async\" width=\"850\" height=\"489\" src=\"https:\/\/alamal-immobilier.ma\/agence\/wp-content\/uploads\/2024\/09\/vous-etes-proprietCCCCaire-mais-pouvez-vous-louer-a-vos-enfants-1709907913-1024x589.jpg\" class=\"attachment-large size-large wp-image-31707\" alt=\"\" srcset=\"https:\/\/alamal-immobilier.ma\/agence\/wp-content\/uploads\/2024\/09\/vous-etes-proprietCCCCaire-mais-pouvez-vous-louer-a-vos-enfants-1709907913-1024x589.jpg 1024w, https:\/\/alamal-immobilier.ma\/agence\/wp-content\/uploads\/2024\/09\/vous-etes-proprietCCCCaire-mais-pouvez-vous-louer-a-vos-enfants-1709907913-300x173.jpg 300w, https:\/\/alamal-immobilier.ma\/agence\/wp-content\/uploads\/2024\/09\/vous-etes-proprietCCCCaire-mais-pouvez-vous-louer-a-vos-enfants-1709907913-150x86.jpg 150w, https:\/\/alamal-immobilier.ma\/agence\/wp-content\/uploads\/2024\/09\/vous-etes-proprietCCCCaire-mais-pouvez-vous-louer-a-vos-enfants-1709907913-768x442.jpg 768w, https:\/\/alamal-immobilier.ma\/agence\/wp-content\/uploads\/2024\/09\/vous-etes-proprietCCCCaire-mais-pouvez-vous-louer-a-vos-enfants-1709907913.jpg 1200w\" sizes=\"(max-width: 850px) 100vw, 850px\" title=\"\">\t\t\t\t\t\t\t\t\t\t\t\t\t\t\t<\/div>\n\t\t\t\t<\/div>\n\t\t\t\t\t<\/div>\n\t\t<\/div>\n\t\t\t\t\t<\/div>\n\t\t<\/section>\n\t\t\t\t<section class=\"elementor-section elementor-top-section elementor-element elementor-element-6e59c71 elementor-section-boxed elementor-section-height-default elementor-section-height-default\" data-id=\"6e59c71\" data-element_type=\"section\" data-e-type=\"section\">\n\t\t\t\t\t\t<div class=\"elementor-container elementor-column-gap-default\">\n\t\t\t\t\t<div class=\"elementor-column elementor-col-100 elementor-top-column elementor-element elementor-element-c6b173f\" data-id=\"c6b173f\" data-element_type=\"column\" data-e-type=\"column\">\n\t\t\t<div class=\"elementor-widget-wrap elementor-element-populated\">\n\t\t\t\t\t\t<div class=\"elementor-element elementor-element-74b204f elementor-widget elementor-widget-html\" data-id=\"74b204f\" data-element_type=\"widget\" data-e-type=\"widget\" data-widget_type=\"html.default\">\n\t\t\t\t<div class=\"elementor-widget-container\">\n\t\t\t\t\t<!-- Calendly inline widget begin -->\n<div class=\"calendly-inline-widget\" data-url=\"https:\/\/calendly.com\/alamalimmo\/visite\" style=\"min-width:320px;height:630px;\"><\/div>\n<script type=\"text\/javascript\" src=\"https:\/\/assets.calendly.com\/assets\/external\/widget.js\" async=\"\"><\/script>\n<!-- Calendly inline widget end -->\t\t\t\t<\/div>\n\t\t\t\t<\/div>\n\t\t\t\t\t<\/div>\n\t\t<\/div>\n\t\t\t\t\t<\/div>\n\t\t<\/section>\n\t\t\t\t<\/div>\n\t\t","protected":false},"excerpt":{"rendered":"<p>Veuillez activer JavaScript dans votre navigateur pour remplir ce formulaire.Formulaire de contact simpleFormulaire de contact simpleNOM ET PRENOM *Pr\u00e9nomNomTELEPHONE E-MAIL *E-mailConfirmez l\u2019e-mailobjet Commentaire ou message *Comment Envoyer VOUS CHERCHEZ A LOUER : Vous avez une situation sp\u00e9ciale , vous \u00eates<\/p>\n","protected":false},"author":1,"featured_media":0,"parent":0,"menu_order":0,"comment_status":"closed","ping_status":"closed","template":"","meta":{"footnotes":""},"class_list":["post-769","page","type-page","status-publish","hentry"],"_links":{"self":[{"href":"https:\/\/alamal-immobilier.ma\/agence\/wp-json\/wp\/v2\/pages\/769","targetHints":{"allow":["GET"]}}],"collection":[{"href":"https:\/\/alamal-immobilier.ma\/agence\/wp-json\/wp\/v2\/pages"}],"about":[{"href":"https:\/\/alamal-immobilier.ma\/agence\/wp-json\/wp\/v2\/types\/page"}],"author":[{"embeddable":true,"href":"https:\/\/alamal-immobilier.ma\/agence\/wp-json\/wp\/v2\/users\/1"}],"replies":[{"embeddable":true,"href":"https:\/\/alamal-immobilier.ma\/agence\/wp-json\/wp\/v2\/comments?post=769"}],"version-history":[{"count":1,"href":"https:\/\/alamal-immobilier.ma\/agence\/wp-json\/wp\/v2\/pages\/769\/revisions"}],"predecessor-version":[{"id":31710,"href":"https:\/\/alamal-immobilier.ma\/agence\/wp-json\/wp\/v2\/pages\/769\/revisions\/31710"}],"wp:attachment":[{"href":"https:\/\/alamal-immobilier.ma\/agence\/wp-json\/wp\/v2\/media?parent=769"}],"curies":[{"name":"wp","href":"https:\/\/api.w.org\/{rel}","templated":true}]}}