{"id":763,"date":"2020-03-17T16:27:48","date_gmt":"2020-03-17T15:27:48","guid":{"rendered":"http:\/\/alamal-immobilier.ma\/agence\/?page_id=763"},"modified":"2023-08-19T01:10:03","modified_gmt":"2023-08-19T00:10:03","slug":"nos-partenaires","status":"publish","type":"page","link":"https:\/\/alamal-immobilier.ma\/agence\/nos-partenaires\/","title":{"rendered":"Nos partenaires"},"content":{"rendered":"<p style=\"text-align: center;\"><strong>Nos partenaires<\/strong><\/p>\n<p>\u00a0<\/p>\n\n\n<div class=\"wp-block-columns is-layout-flex wp-container-core-columns-is-layout-9d6595d7 wp-block-columns-is-layout-flex\">\n<div class=\"wp-block-column is-layout-flow wp-block-column-is-layout-flow\">\n<p><strong><span class=\"has-inline-color has-vivid-red-color\">PARTENARIAT AVEC AGENTS IMMOBILIERS<\/span><\/strong><\/p>\n\n\n\n<p>Afin de mieux servir toutes les demandes qui peuvent se pr\u00e9senter et \u00e9largir les offres propos\u00e9es, Mr BENNANI&nbsp; cherche a d\u00e9velopper des partenariats WIN &#8211; WIN et cr\u00e9er ainsi un r\u00e9seau d&rsquo;\u00e9change au service du client<\/p>\n\n\n\n<p>VOUS \u00caTES UNE AGENCE<\/p>\n\n\n\n<p>notre objectif est commun, nous pouvons collaborer ensemble ,vous avez le bien ; nous avons le client et vis versa ,<\/p>\n\n\n\n<p>NOTRE OBJECTIF EST COMMUN , LA SATISFACTION DU CLIENT&nbsp; : WIN -WIN<\/p>\n<\/div>\n\n\n\n<div class=\"wp-block-column is-layout-flow wp-block-column-is-layout-flow\">\n<p><strong><span class=\"has-inline-color has-vivid-cyan-blue-color\">PARTENAIRE AVEC PROMOTEURS<\/span><\/strong><\/p>\n\n\n\n<p>PROMOTEURS IMMOBILIERS ,Vous avez des projets , vous voulez prospecter et faire CONNAITRE vos projets, Mr BENNANI&nbsp; peut vous aider dans le cadre de PARTENARIAT<\/p>\n\n\n\n<p>Ensemble pour<\/p>\n\n\n\n<p>**elaborer une strat\u00e9gie de commercialisation a la hauteur de vos projets<br>**\u00e9tude d&rsquo;un plan media<br>**prendre en charge le client du d\u00e9but a la fin<br>**mettre en valeur votre projet<br>Pour plus de d\u00e9tails , Merci de contacter MR BENNANI au 00 212 6 61 20 07 80<\/p>\n\n\n\n<p>A tr\u00e8s bient\u00f4t<\/p>\n\n\n\n<p>VOUS ETES PROFESSIONNELS DE L&rsquo;IMMOBILIER, DEVENEZ PARTENAIRE<\/p>\n<\/div>\n<\/div>\n\n\n\n<p>N&rsquo;h\u00e9sitez pas \u00e0 nous contacter.<\/p>\n\n\n\n<p>GSM :+ 212 6 61 200  780 <\/p>\n\n\n\n<p>E-mail:  alamalimmo@gmail.com<\/p>\n\n\n\n<p><br><a rel=\"noreferrer noopener\" href=\"http:\/\/www.alamal-immobilier.ma\" target=\"_blank\">www.alamal-immobilier.ma<\/a><\/p>\n","protected":false},"excerpt":{"rendered":"<p>Nos partenaires \u00a0 PARTENARIAT AVEC AGENTS IMMOBILIERS Afin de mieux servir toutes les demandes qui peuvent se pr\u00e9senter et \u00e9largir les offres propos\u00e9es, Mr BENNANI&nbsp; cherche a d\u00e9velopper des partenariats WIN &#8211; WIN et cr\u00e9er ainsi un r\u00e9seau d&rsquo;\u00e9change au<\/p>\n","protected":false},"author":1,"featured_media":0,"parent":0,"menu_order":0,"comment_status":"closed","ping_status":"closed","template":"","meta":{"footnotes":""},"class_list":["post-763","page","type-page","status-publish","hentry"],"_links":{"self":[{"href":"https:\/\/alamal-immobilier.ma\/agence\/wp-json\/wp\/v2\/pages\/763","targetHints":{"allow":["GET"]}}],"collection":[{"href":"https:\/\/alamal-immobilier.ma\/agence\/wp-json\/wp\/v2\/pages"}],"about":[{"href":"https:\/\/alamal-immobilier.ma\/agence\/wp-json\/wp\/v2\/types\/page"}],"author":[{"embeddable":true,"href":"https:\/\/alamal-immobilier.ma\/agence\/wp-json\/wp\/v2\/users\/1"}],"replies":[{"embeddable":true,"href":"https:\/\/alamal-immobilier.ma\/agence\/wp-json\/wp\/v2\/comments?post=763"}],"version-history":[{"count":1,"href":"https:\/\/alamal-immobilier.ma\/agence\/wp-json\/wp\/v2\/pages\/763\/revisions"}],"predecessor-version":[{"id":25767,"href":"https:\/\/alamal-immobilier.ma\/agence\/wp-json\/wp\/v2\/pages\/763\/revisions\/25767"}],"wp:attachment":[{"href":"https:\/\/alamal-immobilier.ma\/agence\/wp-json\/wp\/v2\/media?parent=763"}],"curies":[{"name":"wp","href":"https:\/\/api.w.org\/{rel}","templated":true}]}}