{"id":31713,"date":"2024-09-04T02:41:15","date_gmt":"2024-09-04T01:41:15","guid":{"rendered":"http:\/\/alamal-immobilier.ma\/agence\/?page_id=31713"},"modified":"2024-09-04T02:55:02","modified_gmt":"2024-09-04T01:55:02","slug":"gestion-locative","status":"publish","type":"page","link":"https:\/\/alamal-immobilier.ma\/agence\/gestion-locative\/","title":{"rendered":"Gestion locative"},"content":{"rendered":"\t\t<div data-elementor-type=\"wp-page\" data-elementor-id=\"31713\" class=\"elementor elementor-31713\">\n\t\t\t\t\t\t<section class=\"elementor-section elementor-top-section elementor-element elementor-element-df57d9d elementor-section-boxed elementor-section-height-default elementor-section-height-default\" data-id=\"df57d9d\" data-element_type=\"section\" data-e-type=\"section\">\n\t\t\t\t\t\t<div class=\"elementor-container elementor-column-gap-default\">\n\t\t\t\t\t<div class=\"elementor-column elementor-col-50 elementor-top-column elementor-element elementor-element-2752767\" data-id=\"2752767\" data-element_type=\"column\" data-e-type=\"column\">\n\t\t\t<div class=\"elementor-widget-wrap elementor-element-populated\">\n\t\t\t\t\t\t<div class=\"elementor-element elementor-element-d3a2c9d elementor-widget elementor-widget-image\" data-id=\"d3a2c9d\" data-element_type=\"widget\" data-e-type=\"widget\" data-widget_type=\"image.default\">\n\t\t\t\t<div class=\"elementor-widget-container\">\n\t\t\t\t\t\t\t\t\t\t\t\t\t\t\t<img fetchpriority=\"high\" decoding=\"async\" width=\"724\" height=\"1024\" src=\"https:\/\/alamal-immobilier.ma\/agence\/wp-content\/uploads\/2024\/09\/Guide-Collaborateur-Couverture-724x1024.png\" class=\"attachment-large size-large wp-image-31721\" alt=\"\" srcset=\"https:\/\/alamal-immobilier.ma\/agence\/wp-content\/uploads\/2024\/09\/Guide-Collaborateur-Couverture-724x1024.png 724w, https:\/\/alamal-immobilier.ma\/agence\/wp-content\/uploads\/2024\/09\/Guide-Collaborateur-Couverture-212x300.png 212w, https:\/\/alamal-immobilier.ma\/agence\/wp-content\/uploads\/2024\/09\/Guide-Collaborateur-Couverture-106x150.png 106w, https:\/\/alamal-immobilier.ma\/agence\/wp-content\/uploads\/2024\/09\/Guide-Collaborateur-Couverture-768x1086.png 768w, https:\/\/alamal-immobilier.ma\/agence\/wp-content\/uploads\/2024\/09\/Guide-Collaborateur-Couverture-1086x1536.png 1086w, https:\/\/alamal-immobilier.ma\/agence\/wp-content\/uploads\/2024\/09\/Guide-Collaborateur-Couverture.png 1414w\" sizes=\"(max-width: 724px) 100vw, 724px\" title=\"\">\t\t\t\t\t\t\t\t\t\t\t\t\t\t\t<\/div>\n\t\t\t\t<\/div>\n\t\t\t\t\t<\/div>\n\t\t<\/div>\n\t\t\t\t<div class=\"elementor-column elementor-col-50 elementor-top-column elementor-element elementor-element-c7340e5\" data-id=\"c7340e5\" data-element_type=\"column\" data-e-type=\"column\">\n\t\t\t<div class=\"elementor-widget-wrap elementor-element-populated\">\n\t\t\t\t\t\t<div class=\"elementor-element elementor-element-6b2520a elementor-widget elementor-widget-heading\" data-id=\"6b2520a\" data-element_type=\"widget\" data-e-type=\"widget\" data-widget_type=\"heading.default\">\n\t\t\t\t<div class=\"elementor-widget-container\">\n\t\t\t\t\t<h4 class=\"elementor-heading-title elementor-size-default\">louez sans stress <\/h4>\t\t\t\t<\/div>\n\t\t\t\t<\/div>\n\t\t\t\t<div class=\"elementor-element elementor-element-5b9af12 elementor-widget elementor-widget-heading\" data-id=\"5b9af12\" data-element_type=\"widget\" data-e-type=\"widget\" data-widget_type=\"heading.default\">\n\t\t\t\t<div class=\"elementor-widget-container\">\n\t\t\t\t\t<h1 class=\"elementor-heading-title elementor-size-default\">Strat\u00e9gies Gagnantes pour Louer Votre Bien Immobilier<\/h1>\t\t\t\t<\/div>\n\t\t\t\t<\/div>\n\t\t\t\t<div class=\"elementor-element elementor-element-a21063e elementor-widget elementor-widget-text-editor\" data-id=\"a21063e\" data-element_type=\"widget\" data-e-type=\"widget\" data-widget_type=\"text-editor.default\">\n\t\t\t\t<div class=\"elementor-widget-container\">\n\t\t\t\t\t\t\t\t\t<p>G\u00e9rer un locataire est tres difficile , surtout quand vous \u00eates seul et vous n \u00eates pas assist\u00e9 , par un PRO , \u00a0qui vous oriente et vous donne des conseils , ENSEMBLE , donner a cette location la chance de\u00a0<span style=\"caret-color: #000000; color: #000000; font-size: calc(1.275rem + 0.3vw); text-align: var(--bs-body-text-align);\">Maximisez vos Revenus<\/span><\/p><div data-id=\"6175035\" data-element_type=\"widget\" data-widget_type=\"heading.default\"><div><h4>\u00a0<\/h4><\/div><\/div><div data-id=\"7b1b479\" data-element_type=\"widget\" data-widget_type=\"heading.default\"><div>\u00a0<\/div><\/div>\t\t\t\t\t\t\t\t<\/div>\n\t\t\t\t<\/div>\n\t\t\t\t\t<\/div>\n\t\t<\/div>\n\t\t\t\t\t<\/div>\n\t\t<\/section>\n\t\t\t\t<section class=\"elementor-section elementor-top-section elementor-element elementor-element-7c76566 elementor-section-boxed elementor-section-height-default elementor-section-height-default\" data-id=\"7c76566\" data-element_type=\"section\" data-e-type=\"section\">\n\t\t\t\t\t\t<div class=\"elementor-container elementor-column-gap-default\">\n\t\t\t\t\t<div class=\"elementor-column elementor-col-100 elementor-top-column elementor-element elementor-element-71fe1cc\" data-id=\"71fe1cc\" data-element_type=\"column\" data-e-type=\"column\">\n\t\t\t<div class=\"elementor-widget-wrap elementor-element-populated\">\n\t\t\t\t\t\t<div class=\"elementor-element elementor-element-14be00e elementor-widget elementor-widget-accordion\" data-id=\"14be00e\" data-element_type=\"widget\" data-e-type=\"widget\" data-widget_type=\"accordion.default\">\n\t\t\t\t<div class=\"elementor-widget-container\">\n\t\t\t\t\t\t\t<div class=\"elementor-accordion\">\n\t\t\t\t\t\t\t<div class=\"elementor-accordion-item\">\n\t\t\t\t\t<div id=\"elementor-tab-title-2171\" class=\"elementor-tab-title\" data-tab=\"1\" role=\"button\" aria-controls=\"elementor-tab-content-2171\" aria-expanded=\"false\">\n\t\t\t\t\t\t\t\t\t\t\t\t\t<span class=\"elementor-accordion-icon elementor-accordion-icon-left\" aria-hidden=\"true\">\n\t\t\t\t\t\t\t\t\t\t\t\t\t\t\t<span class=\"elementor-accordion-icon-closed\"><i class=\"fas fa-plus\"><\/i><\/span>\n\t\t\t\t\t\t\t\t<span class=\"elementor-accordion-icon-opened\"><i class=\"fas fa-minus\"><\/i><\/span>\n\t\t\t\t\t\t\t\t\t\t\t\t\t\t<\/span>\n\t\t\t\t\t\t\t\t\t\t\t\t<a class=\"elementor-accordion-title\" tabindex=\"0\">Gestion locative<\/a>\n\t\t\t\t\t<\/div>\n\t\t\t\t\t<div id=\"elementor-tab-content-2171\" class=\"elementor-tab-content elementor-clearfix\" data-tab=\"1\" role=\"region\" aria-labelledby=\"elementor-tab-title-2171\"><p>*10% TTC des paiements des locataires a<\/p><h4>Nous g\u00e9rons les loyers<\/h4><ul><li>Envoi des appels de loyers et quittances<\/li><li>Encaissement des loyers<\/li><li>Reversement des loyers vers le 15 de chaque mois<\/li><li>R\u00e9vision r\u00e9glementaire du loyer\u00a0<\/li><\/ul><h4>Nous g\u00e9rons les charges<\/h4><ul><li>Paiement des charges de copropri\u00e9t\u00e9<\/li><li>Apurement des charges aupr\u00e8s du locataire<\/li><\/ul><h4>Nous g\u00e9rons le contr\u00f4le des obligations locataire<\/h4><ul><li>Contr\u00f4le de l\u2019obligation d\u2019assurance multirisque habitation<\/li><li>Contr\u00f4le de la validit\u00e9 du cong\u00e9 du locataire<\/li><\/ul><h4>Nous g\u00e9rons les impay\u00e9s et les contentieux<\/h4><ul><li>Relances simples et recommand\u00e9es si n\u00e9cessaire au locataire et au garant<\/li><li>Mise en \u0153uvre et suivi des proc\u00e9dures contentieuses<\/li><\/ul><h4>Nous vous fournissons les documents utiles<\/h4><ul><li>Entr\u00e9e locataire : \u00e9tat des lieux, mode op\u00e9ratoire<\/li><li>Sortie locataire : \u00e9tat des lieux, mode op\u00e9ratoire<\/li><li>R\u00e9capitulatif annuel d\u2019aide \u00e0 la d\u00e9claration des revenus fonciers<\/li><\/ul><h4>Nous restons en contact<\/h4><ul><li>Un expert \u00e0 votre \u00e9coute au t\u00e9l\u00e9phone ou par mail<\/li><li>Une visualisation en temps r\u00e9el de tous vos documents et des op\u00e9rations sur votre compte<\/li><li>Des questions sur notre offre nous contacter\u00a0<\/li><\/ul><div class=\"center\"><h3>Une solution efficace pour g\u00e9rer votre bien en toute simplicit\u00e9<\/h3><\/div><\/div>\n\t\t\t\t<\/div>\n\t\t\t\t\t\t\t<div class=\"elementor-accordion-item\">\n\t\t\t\t\t<div id=\"elementor-tab-title-2172\" class=\"elementor-tab-title\" data-tab=\"2\" role=\"button\" aria-controls=\"elementor-tab-content-2172\" aria-expanded=\"false\">\n\t\t\t\t\t\t\t\t\t\t\t\t\t<span class=\"elementor-accordion-icon elementor-accordion-icon-left\" aria-hidden=\"true\">\n\t\t\t\t\t\t\t\t\t\t\t\t\t\t\t<span class=\"elementor-accordion-icon-closed\"><i class=\"fas fa-plus\"><\/i><\/span>\n\t\t\t\t\t\t\t\t<span class=\"elementor-accordion-icon-opened\"><i class=\"fas fa-minus\"><\/i><\/span>\n\t\t\t\t\t\t\t\t\t\t\t\t\t\t<\/span>\n\t\t\t\t\t\t\t\t\t\t\t\t<a class=\"elementor-accordion-title\" tabindex=\"0\">Recherche locataire avec visites<\/a>\n\t\t\t\t\t<\/div>\n\t\t\t\t\t<div id=\"elementor-tab-content-2172\" class=\"elementor-tab-content elementor-clearfix\" data-tab=\"2\" role=\"region\" aria-labelledby=\"elementor-tab-title-2172\"><p>* 70 % du montant du loyer charges comprises.<\/p><h4 class=\"text-center\">Nous r\u00e9alisons pour vous la recherche de votre locataire !<\/h4><ul><li>R\u00e9daction et publication de votre annonce sur LES PORTAILS\u00a0<\/li><li>R\u00e9ception des demandes de rendez-vous suite \u00e0 la diffusion de l\u2019annonce<\/li><li>S\u00e9lection des candidats \u00e0 partir de leur profil<\/li><li>Organisation des rendez-vous entre les candidats et notre partenaire<\/li><li>V\u00e9rification des dossiers locataires<\/li><li>R\u00e9daction du bail et des annexes<\/li><li>Signature \u00e9lectronique des contrats<\/li><li>Encaissement des fonds<\/li><li>Etat des lieux d\u2019entr\u00e9e<\/li><li>Comment fonctionne l\u2019offre\u00a0<\/li><\/ul><p>\u00a0<\/p><\/div>\n\t\t\t\t<\/div>\n\t\t\t\t\t\t\t<div class=\"elementor-accordion-item\">\n\t\t\t\t\t<div id=\"elementor-tab-title-2173\" class=\"elementor-tab-title\" data-tab=\"3\" role=\"button\" aria-controls=\"elementor-tab-content-2173\" aria-expanded=\"false\">\n\t\t\t\t\t\t\t\t\t\t\t\t\t<span class=\"elementor-accordion-icon elementor-accordion-icon-left\" aria-hidden=\"true\">\n\t\t\t\t\t\t\t\t\t\t\t\t\t\t\t<span class=\"elementor-accordion-icon-closed\"><i class=\"fas fa-plus\"><\/i><\/span>\n\t\t\t\t\t\t\t\t<span class=\"elementor-accordion-icon-opened\"><i class=\"fas fa-minus\"><\/i><\/span>\n\t\t\t\t\t\t\t\t\t\t\t\t\t\t<\/span>\n\t\t\t\t\t\t\t\t\t\t\t\t<a class=\"elementor-accordion-title\" tabindex=\"0\">recherche + \u00e9tude + r\u00e9daction <\/a>\n\t\t\t\t\t<\/div>\n\t\t\t\t\t<div id=\"elementor-tab-content-2173\" class=\"elementor-tab-content elementor-clearfix\" data-tab=\"3\" role=\"region\" aria-labelledby=\"elementor-tab-title-2173\"><h4 class=\"text-center\">Nous r\u00e9alisons pour vous les d\u00e9marches chronophages et co\u00fbteuses<\/h4><ul><li>R\u00e9daction et publication de votre annonce sur leS PORTAILS IMMOBILIERS\u00a0<\/li><li>R\u00e9ception des demandes de rendez-vous suite \u00e0 la diffusion de l\u2019annonce<\/li><li>S\u00e9lection des candidats \u00e0 partir de leur profil<\/li><li>Organisation des rendez-vous entre les candidats et le propri\u00e9taire<\/li><li>V\u00e9rification des dossiers locataires<\/li><li>R\u00e9daction du bail et des annexes<\/li><li>Encaissement des fonds<\/li><li>Comment fonctionne l\u2019offre<\/li><li>PRIX \/ FORFAIT DE 2000 DHS\u00a0<\/li><\/ul><\/div>\n\t\t\t\t<\/div>\n\t\t\t\t\t\t\t\t<\/div>\n\t\t\t\t\t\t<\/div>\n\t\t\t\t<\/div>\n\t\t\t\t\t<\/div>\n\t\t<\/div>\n\t\t\t\t\t<\/div>\n\t\t<\/section>\n\t\t\t\t<section class=\"elementor-section elementor-top-section elementor-element elementor-element-2389577 elementor-section-boxed elementor-section-height-default elementor-section-height-default\" data-id=\"2389577\" data-element_type=\"section\" data-e-type=\"section\">\n\t\t\t\t\t\t<div class=\"elementor-container elementor-column-gap-default\">\n\t\t\t\t\t<div class=\"elementor-column elementor-col-100 elementor-top-column elementor-element elementor-element-5161428\" data-id=\"5161428\" data-element_type=\"column\" data-e-type=\"column\">\n\t\t\t<div class=\"elementor-widget-wrap elementor-element-populated\">\n\t\t\t\t\t\t<div class=\"elementor-element elementor-element-ed6d24e elementor-widget elementor-widget-html\" data-id=\"ed6d24e\" data-element_type=\"widget\" data-e-type=\"widget\" data-widget_type=\"html.default\">\n\t\t\t\t<div class=\"elementor-widget-container\">\n\t\t\t\t\t<!-- Calendly inline widget begin -->\n<div class=\"calendly-inline-widget\" data-url=\"https:\/\/calendly.com\/alamalimmo\/visite\" style=\"min-width:320px;height:630px;\"><\/div>\n<script type=\"text\/javascript\" src=\"https:\/\/assets.calendly.com\/assets\/external\/widget.js\" async=\"\"><\/script>\n<!-- Calendly inline widget end -->\t\t\t\t<\/div>\n\t\t\t\t<\/div>\n\t\t\t\t\t<\/div>\n\t\t<\/div>\n\t\t\t\t\t<\/div>\n\t\t<\/section>\n\t\t\t\t<\/div>\n\t\t","protected":false},"excerpt":{"rendered":"<p>louez sans stress Strat\u00e9gies Gagnantes pour Louer Votre Bien Immobilier G\u00e9rer un locataire est tres difficile , surtout quand vous \u00eates seul et vous n \u00eates pas assist\u00e9 , par un PRO , \u00a0qui vous oriente et vous donne des<\/p>\n","protected":false},"author":1,"featured_media":0,"parent":0,"menu_order":0,"comment_status":"closed","ping_status":"closed","template":"","meta":{"footnotes":""},"class_list":["post-31713","page","type-page","status-publish","hentry"],"_links":{"self":[{"href":"https:\/\/alamal-immobilier.ma\/agence\/wp-json\/wp\/v2\/pages\/31713","targetHints":{"allow":["GET"]}}],"collection":[{"href":"https:\/\/alamal-immobilier.ma\/agence\/wp-json\/wp\/v2\/pages"}],"about":[{"href":"https:\/\/alamal-immobilier.ma\/agence\/wp-json\/wp\/v2\/types\/page"}],"author":[{"embeddable":true,"href":"https:\/\/alamal-immobilier.ma\/agence\/wp-json\/wp\/v2\/users\/1"}],"replies":[{"embeddable":true,"href":"https:\/\/alamal-immobilier.ma\/agence\/wp-json\/wp\/v2\/comments?post=31713"}],"version-history":[{"count":1,"href":"https:\/\/alamal-immobilier.ma\/agence\/wp-json\/wp\/v2\/pages\/31713\/revisions"}],"predecessor-version":[{"id":31732,"href":"https:\/\/alamal-immobilier.ma\/agence\/wp-json\/wp\/v2\/pages\/31713\/revisions\/31732"}],"wp:attachment":[{"href":"https:\/\/alamal-immobilier.ma\/agence\/wp-json\/wp\/v2\/media?parent=31713"}],"curies":[{"name":"wp","href":"https:\/\/api.w.org\/{rel}","templated":true}]}}