{"id":22587,"date":"2022-12-03T10:24:53","date_gmt":"2022-12-03T09:24:53","guid":{"rendered":"http:\/\/alamal-immobilier.ma\/agence\/?page_id=22587"},"modified":"2022-12-03T10:28:09","modified_gmt":"2022-12-03T09:28:09","slug":"tiktok-alamal","status":"publish","type":"page","link":"https:\/\/alamal-immobilier.ma\/agence\/tiktok-alamal\/","title":{"rendered":"TikTok alamal"},"content":{"rendered":"\n<p>bonjour cher communaut\u00e9<\/p>\n\n\n\n<p>bienvenue dans ma page d\u00e9di\u00e9 aux conseils et astuces immobili\u00e8re Maroc sur TikTok&nbsp;<\/p>\n\n\n\n<p>soutenez nous , suivez nous , partagez , encouragez nous pour donner plus&nbsp;<\/p>\n\n\n\n<p>bonne navigation<\/p>\n\n\n<blockquote class=\"tiktok-embed\" cite=\"https:\/\/www.tiktok.com\/@alamalimmo\" data-unique-id=\"alamalimmo\" data-embed-type=\"creator\" style=\"max-width: 720px; min-width: 288px;\">\n<section> <a target=\"_blank\" href=\"https:\/\/www.tiktok.com\/@alamalimmo?refer=creator_embed\" rel=\"noopener\">@alamalimmo<\/a> <\/section>\n<\/blockquote>\n<p> <script async=\"\" src=\"https:\/\/www.tiktok.com\/embed.js\"><\/script><\/p>\n","protected":false},"excerpt":{"rendered":"<p>bonjour cher communaut\u00e9 bienvenue dans ma page d\u00e9di\u00e9 aux conseils et astuces immobili\u00e8re Maroc sur TikTok&nbsp; soutenez nous , suivez nous , partagez , encouragez nous pour donner plus&nbsp; bonne navigation<\/p>\n","protected":false},"author":1,"featured_media":0,"parent":0,"menu_order":0,"comment_status":"closed","ping_status":"closed","template":"","meta":{"footnotes":""},"class_list":["post-22587","page","type-page","status-publish","hentry"],"_links":{"self":[{"href":"https:\/\/alamal-immobilier.ma\/agence\/wp-json\/wp\/v2\/pages\/22587","targetHints":{"allow":["GET"]}}],"collection":[{"href":"https:\/\/alamal-immobilier.ma\/agence\/wp-json\/wp\/v2\/pages"}],"about":[{"href":"https:\/\/alamal-immobilier.ma\/agence\/wp-json\/wp\/v2\/types\/page"}],"author":[{"embeddable":true,"href":"https:\/\/alamal-immobilier.ma\/agence\/wp-json\/wp\/v2\/users\/1"}],"replies":[{"embeddable":true,"href":"https:\/\/alamal-immobilier.ma\/agence\/wp-json\/wp\/v2\/comments?post=22587"}],"version-history":[{"count":1,"href":"https:\/\/alamal-immobilier.ma\/agence\/wp-json\/wp\/v2\/pages\/22587\/revisions"}],"predecessor-version":[{"id":22591,"href":"https:\/\/alamal-immobilier.ma\/agence\/wp-json\/wp\/v2\/pages\/22587\/revisions\/22591"}],"wp:attachment":[{"href":"https:\/\/alamal-immobilier.ma\/agence\/wp-json\/wp\/v2\/media?parent=22587"}],"curies":[{"name":"wp","href":"https:\/\/api.w.org\/{rel}","templated":true}]}}