{"id":22324,"date":"2022-11-23T10:24:49","date_gmt":"2022-11-23T09:24:49","guid":{"rendered":"http:\/\/alamal-immobilier.ma\/agence\/?page_id=22324"},"modified":"2023-03-08T04:41:48","modified_gmt":"2023-03-08T03:41:48","slug":"astuce-immobiliere-maroc","status":"publish","type":"page","link":"https:\/\/alamal-immobilier.ma\/agence\/astuce-immobiliere-maroc\/","title":{"rendered":"astuce immobili\u00e8re Maroc"},"content":{"rendered":"\t\t<div data-elementor-type=\"wp-page\" data-elementor-id=\"22324\" class=\"elementor elementor-22324\">\n\t\t\t\t\t\t<section class=\"elementor-section elementor-top-section elementor-element elementor-element-d024809 elementor-section-boxed elementor-section-height-default elementor-section-height-default\" data-id=\"d024809\" data-element_type=\"section\" data-e-type=\"section\">\n\t\t\t\t\t\t<div class=\"elementor-container elementor-column-gap-default\">\n\t\t\t\t\t<div class=\"elementor-column elementor-col-33 elementor-top-column elementor-element elementor-element-fa04aa0\" data-id=\"fa04aa0\" data-element_type=\"column\" data-e-type=\"column\">\n\t\t\t<div class=\"elementor-widget-wrap elementor-element-populated\">\n\t\t\t\t\t\t<div class=\"elementor-element elementor-element-2c625c8 elementor-widget elementor-widget-image\" data-id=\"2c625c8\" data-element_type=\"widget\" data-e-type=\"widget\" data-widget_type=\"image.default\">\n\t\t\t\t<div class=\"elementor-widget-container\">\n\t\t\t\t\t\t\t\t\t\t\t\t\t\t\t<img fetchpriority=\"high\" decoding=\"async\" width=\"223\" height=\"226\" src=\"https:\/\/alamal-immobilier.ma\/agence\/wp-content\/uploads\/2023\/03\/imagessdcwxwc.jpeg\" class=\"attachment-large size-large wp-image-24024\" alt=\"\" title=\"\">\t\t\t\t\t\t\t\t\t\t\t\t\t\t\t<\/div>\n\t\t\t\t<\/div>\n\t\t\t\t\t<\/div>\n\t\t<\/div>\n\t\t\t\t<div class=\"elementor-column elementor-col-66 elementor-top-column elementor-element elementor-element-9a68010\" data-id=\"9a68010\" data-element_type=\"column\" data-e-type=\"column\">\n\t\t\t<div class=\"elementor-widget-wrap elementor-element-populated\">\n\t\t\t\t\t\t<div class=\"elementor-element elementor-element-cd083f3 elementor-widget elementor-widget-text-editor\" data-id=\"cd083f3\" data-element_type=\"widget\" data-e-type=\"widget\" data-widget_type=\"text-editor.default\">\n\t\t\t\t<div class=\"elementor-widget-container\">\n\t\t\t\t\t\t\t\t\t<p>bonjour cher communaut\u00e9<\/p>\n<p><!-- \/wp:paragraph --><!-- wp:paragraph --><\/p>\n<p>bienvenue dans ma page d\u00e9di\u00e9 aux conseils et astuces immobili\u00e8re Maroc ici les liens de tous les supports : TikTok , Instagram , chaine YouTube , groupe alerte pour \u00eatre toujours plus proche de vous\u00a0<\/p>\n<p>\u00a0<\/p>\n<p><!-- \/wp:paragraph --><!-- wp:paragraph --><\/p>\n<p>soutenez nous , suivez nous , partagez , encouragez nous pour donner plus<\/p>\n<p><!-- \/wp:paragraph --><!-- wp:paragraph --><\/p>\n<p>bonne navigation<\/p>\n<p><a style=\"font-size: 1rem; display: inline !important;\" href=\"https:\/\/www.tiktok.com\/@astuce.immobiliere.maroc?refer=creator_embed\" target=\"_blank\" rel=\"noopener\">@astuce.immobiliere.maroc<\/a><\/p>\n<p><script src=\"https:\/\/www.tiktok.com\/embed.js\" async=\"\"><\/script><\/p>\t\t\t\t\t\t\t\t<\/div>\n\t\t\t\t<\/div>\n\t\t\t\t\t<\/div>\n\t\t<\/div>\n\t\t\t\t\t<\/div>\n\t\t<\/section>\n\t\t\t\t<section class=\"elementor-section elementor-top-section elementor-element elementor-element-19de146 elementor-section-boxed elementor-section-height-default elementor-section-height-default\" data-id=\"19de146\" data-element_type=\"section\" data-e-type=\"section\">\n\t\t\t\t\t\t<div class=\"elementor-container elementor-column-gap-default\">\n\t\t\t\t\t<div class=\"elementor-column elementor-col-20 elementor-top-column elementor-element elementor-element-5528f55\" data-id=\"5528f55\" data-element_type=\"column\" data-e-type=\"column\">\n\t\t\t<div class=\"elementor-widget-wrap elementor-element-populated\">\n\t\t\t\t\t\t<div class=\"elementor-element elementor-element-e4e698e elementor-widget elementor-widget-heading\" data-id=\"e4e698e\" data-element_type=\"widget\" data-e-type=\"widget\" data-widget_type=\"heading.default\">\n\t\t\t\t<div class=\"elementor-widget-container\">\n\t\t\t\t\t<h4 class=\"elementor-heading-title elementor-size-default\">TikTok <\/h4>\t\t\t\t<\/div>\n\t\t\t\t<\/div>\n\t\t\t\t\t<\/div>\n\t\t<\/div>\n\t\t\t\t<div class=\"elementor-column elementor-col-20 elementor-top-column elementor-element elementor-element-a94df86\" data-id=\"a94df86\" data-element_type=\"column\" data-e-type=\"column\">\n\t\t\t<div class=\"elementor-widget-wrap elementor-element-populated\">\n\t\t\t\t\t\t<div class=\"elementor-element elementor-element-20ab967 elementor-widget elementor-widget-heading\" data-id=\"20ab967\" data-element_type=\"widget\" data-e-type=\"widget\" data-widget_type=\"heading.default\">\n\t\t\t\t<div class=\"elementor-widget-container\">\n\t\t\t\t\t<h4 class=\"elementor-heading-title elementor-size-default\">Instagram <\/h4>\t\t\t\t<\/div>\n\t\t\t\t<\/div>\n\t\t\t\t\t<\/div>\n\t\t<\/div>\n\t\t\t\t<div class=\"elementor-column elementor-col-20 elementor-top-column elementor-element elementor-element-7a07d87\" data-id=\"7a07d87\" data-element_type=\"column\" data-e-type=\"column\">\n\t\t\t<div class=\"elementor-widget-wrap elementor-element-populated\">\n\t\t\t\t\t\t<div class=\"elementor-element elementor-element-590960e elementor-widget elementor-widget-heading\" data-id=\"590960e\" data-element_type=\"widget\" data-e-type=\"widget\" data-widget_type=\"heading.default\">\n\t\t\t\t<div class=\"elementor-widget-container\">\n\t\t\t\t\t<h4 class=\"elementor-heading-title elementor-size-default\">YouTube chaine <\/h4>\t\t\t\t<\/div>\n\t\t\t\t<\/div>\n\t\t\t\t\t<\/div>\n\t\t<\/div>\n\t\t\t\t<div class=\"elementor-column elementor-col-20 elementor-top-column elementor-element elementor-element-655234e\" data-id=\"655234e\" data-element_type=\"column\" data-e-type=\"column\">\n\t\t\t<div class=\"elementor-widget-wrap elementor-element-populated\">\n\t\t\t\t\t\t<div class=\"elementor-element elementor-element-08f575a elementor-widget elementor-widget-heading\" data-id=\"08f575a\" data-element_type=\"widget\" data-e-type=\"widget\" data-widget_type=\"heading.default\">\n\t\t\t\t<div class=\"elementor-widget-container\">\n\t\t\t\t\t<h4 class=\"elementor-heading-title elementor-size-default\">groupe alerte <\/h4>\t\t\t\t<\/div>\n\t\t\t\t<\/div>\n\t\t\t\t\t<\/div>\n\t\t<\/div>\n\t\t\t\t<div class=\"elementor-column elementor-col-20 elementor-top-column elementor-element elementor-element-3536497\" data-id=\"3536497\" data-element_type=\"column\" data-e-type=\"column\">\n\t\t\t<div class=\"elementor-widget-wrap elementor-element-populated\">\n\t\t\t\t\t\t<div class=\"elementor-element elementor-element-e4e3f31 elementor-widget elementor-widget-heading\" data-id=\"e4e3f31\" data-element_type=\"widget\" data-e-type=\"widget\" data-widget_type=\"heading.default\">\n\t\t\t\t<div class=\"elementor-widget-container\">\n\t\t\t\t\t<h4 class=\"elementor-heading-title elementor-size-default\">wattsapp<\/h4>\t\t\t\t<\/div>\n\t\t\t\t<\/div>\n\t\t\t\t\t<\/div>\n\t\t<\/div>\n\t\t\t\t\t<\/div>\n\t\t<\/section>\n\t\t\t\t<section class=\"elementor-section elementor-top-section elementor-element elementor-element-106212a elementor-section-boxed elementor-section-height-default elementor-section-height-default\" data-id=\"106212a\" data-element_type=\"section\" data-e-type=\"section\">\n\t\t\t\t\t\t<div class=\"elementor-container elementor-column-gap-default\">\n\t\t\t\t\t<div class=\"elementor-column elementor-col-20 elementor-top-column elementor-element elementor-element-f6081cd\" data-id=\"f6081cd\" data-element_type=\"column\" data-e-type=\"column\">\n\t\t\t<div class=\"elementor-widget-wrap elementor-element-populated\">\n\t\t\t\t\t\t<div class=\"elementor-element elementor-element-b522982 elementor-widget elementor-widget-image\" data-id=\"b522982\" data-element_type=\"widget\" data-e-type=\"widget\" data-widget_type=\"image.default\">\n\t\t\t\t<div class=\"elementor-widget-container\">\n\t\t\t\t\t\t\t\t\t\t\t\t\t\t\t<img decoding=\"async\" width=\"539\" height=\"960\" src=\"https:\/\/alamal-immobilier.ma\/agence\/wp-content\/uploads\/2023\/03\/314454950_494136309402125_2105335390298198255_n.jpeg\" class=\"attachment-large size-large wp-image-24026\" alt=\"\" srcset=\"https:\/\/alamal-immobilier.ma\/agence\/wp-content\/uploads\/2023\/03\/314454950_494136309402125_2105335390298198255_n.jpeg 539w, https:\/\/alamal-immobilier.ma\/agence\/wp-content\/uploads\/2023\/03\/314454950_494136309402125_2105335390298198255_n-168x300.jpeg 168w\" sizes=\"(max-width: 539px) 100vw, 539px\" title=\"\">\t\t\t\t\t\t\t\t\t\t\t\t\t\t\t<\/div>\n\t\t\t\t<\/div>\n\t\t\t\t\t<\/div>\n\t\t<\/div>\n\t\t\t\t<div class=\"elementor-column elementor-col-20 elementor-top-column elementor-element elementor-element-90a28b7\" data-id=\"90a28b7\" data-element_type=\"column\" data-e-type=\"column\">\n\t\t\t<div class=\"elementor-widget-wrap elementor-element-populated\">\n\t\t\t\t\t\t<div class=\"elementor-element elementor-element-c7d8838 elementor-widget elementor-widget-image\" data-id=\"c7d8838\" data-element_type=\"widget\" data-e-type=\"widget\" data-widget_type=\"image.default\">\n\t\t\t\t<div class=\"elementor-widget-container\">\n\t\t\t\t\t\t\t\t\t\t\t\t\t\t\t<img decoding=\"async\" width=\"850\" height=\"976\" src=\"https:\/\/alamal-immobilier.ma\/agence\/wp-content\/uploads\/2023\/03\/317798794_507696158046140_6112076540967802646_n-892x1024.jpeg\" class=\"attachment-large size-large wp-image-24031\" alt=\"\" srcset=\"https:\/\/alamal-immobilier.ma\/agence\/wp-content\/uploads\/2023\/03\/317798794_507696158046140_6112076540967802646_n-892x1024.jpeg 892w, https:\/\/alamal-immobilier.ma\/agence\/wp-content\/uploads\/2023\/03\/317798794_507696158046140_6112076540967802646_n-261x300.jpeg 261w, https:\/\/alamal-immobilier.ma\/agence\/wp-content\/uploads\/2023\/03\/317798794_507696158046140_6112076540967802646_n-768x882.jpeg 768w, https:\/\/alamal-immobilier.ma\/agence\/wp-content\/uploads\/2023\/03\/317798794_507696158046140_6112076540967802646_n-1337x1536.jpeg 1337w, https:\/\/alamal-immobilier.ma\/agence\/wp-content\/uploads\/2023\/03\/317798794_507696158046140_6112076540967802646_n.jpeg 1783w\" sizes=\"(max-width: 850px) 100vw, 850px\" title=\"\">\t\t\t\t\t\t\t\t\t\t\t\t\t\t\t<\/div>\n\t\t\t\t<\/div>\n\t\t\t\t\t<\/div>\n\t\t<\/div>\n\t\t\t\t<div class=\"elementor-column elementor-col-20 elementor-top-column elementor-element elementor-element-6c38c82\" data-id=\"6c38c82\" data-element_type=\"column\" data-e-type=\"column\">\n\t\t\t<div class=\"elementor-widget-wrap elementor-element-populated\">\n\t\t\t\t\t\t<div class=\"elementor-element elementor-element-5787444 elementor-widget elementor-widget-image\" data-id=\"5787444\" data-element_type=\"widget\" data-e-type=\"widget\" data-widget_type=\"image.default\">\n\t\t\t\t<div class=\"elementor-widget-container\">\n\t\t\t\t\t\t\t\t\t\t\t\t\t\t\t\t<a href=\"https:\/\/www.youtube.com\/channel\/UC7Rd1i_UsXHChvbF4oE3lmw\" target=\"_blank\" rel=\"noopener\">\n\t\t\t\t\t\t\t<img loading=\"lazy\" decoding=\"async\" width=\"850\" height=\"598\" src=\"https:\/\/alamal-immobilier.ma\/agence\/wp-content\/uploads\/2023\/03\/580b57fcd9996e24bc43c545.png\" class=\"attachment-large size-large wp-image-24027\" alt=\"\" srcset=\"https:\/\/alamal-immobilier.ma\/agence\/wp-content\/uploads\/2023\/03\/580b57fcd9996e24bc43c545.png 1024w, https:\/\/alamal-immobilier.ma\/agence\/wp-content\/uploads\/2023\/03\/580b57fcd9996e24bc43c545-300x211.png 300w, https:\/\/alamal-immobilier.ma\/agence\/wp-content\/uploads\/2023\/03\/580b57fcd9996e24bc43c545-768x541.png 768w\" sizes=\"(max-width: 850px) 100vw, 850px\" title=\"\">\t\t\t\t\t\t\t\t<\/a>\n\t\t\t\t\t\t\t\t\t\t\t\t\t\t\t<\/div>\n\t\t\t\t<\/div>\n\t\t\t\t\t<\/div>\n\t\t<\/div>\n\t\t\t\t<div class=\"elementor-column elementor-col-20 elementor-top-column elementor-element elementor-element-9a2f62d\" data-id=\"9a2f62d\" data-element_type=\"column\" data-e-type=\"column\">\n\t\t\t<div class=\"elementor-widget-wrap elementor-element-populated\">\n\t\t\t\t\t\t<div class=\"elementor-element elementor-element-a508c39 elementor-widget elementor-widget-image\" data-id=\"a508c39\" data-element_type=\"widget\" data-e-type=\"widget\" data-widget_type=\"image.default\">\n\t\t\t\t<div class=\"elementor-widget-container\">\n\t\t\t\t\t\t\t\t\t\t\t\t\t\t\t\t<a href=\"https:\/\/web.facebook.com\/permalink.php?story_fbid=pfbid04zxzgdQWwtJiDQrAGzSpjFkcAwfs4QE58PvHtwpL81e31BF2ZHEbNUxGZuXYkfAal&#038;id=106978790651160\" target=\"_blank\" rel=\"noopener\">\n\t\t\t\t\t\t\t<img loading=\"lazy\" decoding=\"async\" width=\"850\" height=\"443\" src=\"https:\/\/alamal-immobilier.ma\/agence\/wp-content\/uploads\/2023\/03\/83990005_10212926859046542_5646326898251268096_n-1024x534.jpeg\" class=\"attachment-large size-large wp-image-24025\" alt=\"\" srcset=\"https:\/\/alamal-immobilier.ma\/agence\/wp-content\/uploads\/2023\/03\/83990005_10212926859046542_5646326898251268096_n-1024x534.jpeg 1024w, https:\/\/alamal-immobilier.ma\/agence\/wp-content\/uploads\/2023\/03\/83990005_10212926859046542_5646326898251268096_n-300x157.jpeg 300w, https:\/\/alamal-immobilier.ma\/agence\/wp-content\/uploads\/2023\/03\/83990005_10212926859046542_5646326898251268096_n-768x401.jpeg 768w, https:\/\/alamal-immobilier.ma\/agence\/wp-content\/uploads\/2023\/03\/83990005_10212926859046542_5646326898251268096_n.jpeg 1035w\" sizes=\"(max-width: 850px) 100vw, 850px\" title=\"\">\t\t\t\t\t\t\t\t<\/a>\n\t\t\t\t\t\t\t\t\t\t\t\t\t\t\t<\/div>\n\t\t\t\t<\/div>\n\t\t\t\t\t<\/div>\n\t\t<\/div>\n\t\t\t\t<div class=\"elementor-column elementor-col-20 elementor-top-column elementor-element elementor-element-c95b60c\" data-id=\"c95b60c\" data-element_type=\"column\" data-e-type=\"column\">\n\t\t\t<div class=\"elementor-widget-wrap elementor-element-populated\">\n\t\t\t\t\t\t<div class=\"elementor-element elementor-element-90d897e elementor-widget elementor-widget-image\" data-id=\"90d897e\" data-element_type=\"widget\" data-e-type=\"widget\" data-widget_type=\"image.default\">\n\t\t\t\t<div class=\"elementor-widget-container\">\n\t\t\t\t\t\t\t\t\t\t\t\t\t\t\t\t<a href=\"https:\/\/wa.me\/qr\/GMPDD2IXNVGXE1\" target=\"_blank\" rel=\"noopener\">\n\t\t\t\t\t\t\t<img loading=\"lazy\" decoding=\"async\" width=\"576\" height=\"1024\" src=\"https:\/\/alamal-immobilier.ma\/agence\/wp-content\/uploads\/2023\/03\/WhatsApp-Image-2023-03-08-at-04.37.54-576x1024.jpeg\" class=\"attachment-large size-large wp-image-24040\" alt=\"\" srcset=\"https:\/\/alamal-immobilier.ma\/agence\/wp-content\/uploads\/2023\/03\/WhatsApp-Image-2023-03-08-at-04.37.54-576x1024.jpeg 576w, https:\/\/alamal-immobilier.ma\/agence\/wp-content\/uploads\/2023\/03\/WhatsApp-Image-2023-03-08-at-04.37.54-169x300.jpeg 169w, https:\/\/alamal-immobilier.ma\/agence\/wp-content\/uploads\/2023\/03\/WhatsApp-Image-2023-03-08-at-04.37.54.jpeg 720w\" sizes=\"(max-width: 576px) 100vw, 576px\" title=\"\">\t\t\t\t\t\t\t\t<\/a>\n\t\t\t\t\t\t\t\t\t\t\t\t\t\t\t<\/div>\n\t\t\t\t<\/div>\n\t\t\t\t\t<\/div>\n\t\t<\/div>\n\t\t\t\t\t<\/div>\n\t\t<\/section>\n\t\t\t\t<section class=\"elementor-section elementor-top-section elementor-element elementor-element-496fd05d elementor-section-boxed elementor-section-height-default elementor-section-height-default\" data-id=\"496fd05d\" data-element_type=\"section\" data-e-type=\"section\">\n\t\t\t\t\t\t<div class=\"elementor-container elementor-column-gap-default\">\n\t\t\t\t\t<div class=\"elementor-column elementor-col-100 elementor-top-column elementor-element elementor-element-4826e5fb\" data-id=\"4826e5fb\" data-element_type=\"column\" data-e-type=\"column\">\n\t\t\t<div class=\"elementor-widget-wrap elementor-element-populated\">\n\t\t\t\t\t\t<div class=\"elementor-element elementor-element-c9c711c elementor-widget elementor-widget-text-editor\" data-id=\"c9c711c\" data-element_type=\"widget\" data-e-type=\"widget\" data-widget_type=\"text-editor.default\">\n\t\t\t\t<div class=\"elementor-widget-container\">\n\t\t\t\t\t\t\t\t\t<p><!-- wp:paragraph --><\/p>\n<p>\u00a0<\/p>\n<p><!-- \/wp:paragraph --><\/p>\n<p><!-- wp:shortcode --><\/p>\n<blockquote class=\"tiktok-embed\" style=\"max-width: 720px; min-width: 288px;\" cite=\"https:\/\/www.tiktok.com\/@astuce.immobiliere.maroc\" data-unique-id=\"astuce.immobiliere.maroc\" data-embed-type=\"creator\">\n<section><a href=\"https:\/\/www.tiktok.com\/@astuce.immobiliere.maroc?refer=creator_embed\" target=\"_blank\" rel=\"noopener\">@astuce.immobiliere.maroc<\/a><\/section>\n<\/blockquote>\n<p><script async=\"\" src=\"https:\/\/www.tiktok.com\/embed.js\"><\/script><br \/><!-- \/wp:shortcode --><\/p>\t\t\t\t\t\t\t\t<\/div>\n\t\t\t\t<\/div>\n\t\t\t\t\t<\/div>\n\t\t<\/div>\n\t\t\t\t\t<\/div>\n\t\t<\/section>\n\t\t\t\t<\/div>\n\t\t","protected":false},"excerpt":{"rendered":"<p>bonjour cher communaut\u00e9 bienvenue dans ma page d\u00e9di\u00e9 aux conseils et astuces immobili\u00e8re Maroc ici les liens de tous les supports : TikTok , Instagram , chaine YouTube , groupe alerte pour \u00eatre toujours plus proche de vous\u00a0 \u00a0 soutenez<\/p>\n","protected":false},"author":1,"featured_media":0,"parent":0,"menu_order":0,"comment_status":"closed","ping_status":"closed","template":"","meta":{"footnotes":""},"class_list":["post-22324","page","type-page","status-publish","hentry"],"_links":{"self":[{"href":"https:\/\/alamal-immobilier.ma\/agence\/wp-json\/wp\/v2\/pages\/22324","targetHints":{"allow":["GET"]}}],"collection":[{"href":"https:\/\/alamal-immobilier.ma\/agence\/wp-json\/wp\/v2\/pages"}],"about":[{"href":"https:\/\/alamal-immobilier.ma\/agence\/wp-json\/wp\/v2\/types\/page"}],"author":[{"embeddable":true,"href":"https:\/\/alamal-immobilier.ma\/agence\/wp-json\/wp\/v2\/users\/1"}],"replies":[{"embeddable":true,"href":"https:\/\/alamal-immobilier.ma\/agence\/wp-json\/wp\/v2\/comments?post=22324"}],"version-history":[{"count":1,"href":"https:\/\/alamal-immobilier.ma\/agence\/wp-json\/wp\/v2\/pages\/22324\/revisions"}],"predecessor-version":[{"id":24043,"href":"https:\/\/alamal-immobilier.ma\/agence\/wp-json\/wp\/v2\/pages\/22324\/revisions\/24043"}],"wp:attachment":[{"href":"https:\/\/alamal-immobilier.ma\/agence\/wp-json\/wp\/v2\/media?parent=22324"}],"curies":[{"name":"wp","href":"https:\/\/api.w.org\/{rel}","templated":true}]}}