{"id":16458,"date":"2021-12-17T15:59:13","date_gmt":"2021-12-17T14:59:13","guid":{"rendered":"http:\/\/alamal-immobilier.ma\/agence\/?page_id=16458"},"modified":"2021-12-17T18:55:10","modified_gmt":"2021-12-17T17:55:10","slug":"annonces-similaires","status":"publish","type":"page","link":"https:\/\/alamal-immobilier.ma\/agence\/annonces-similaires\/","title":{"rendered":"RECEVOIR ANNONCES SIMILAIRES- PAR EMAIL"},"content":{"rendered":"<div class=\"wpforms-container wpforms-container-full wpforms-block\" id=\"wpforms-16457\"><form id=\"wpforms-form-16457\" class=\"wpforms-validate wpforms-form\" data-formid=\"16457\" method=\"post\" enctype=\"multipart\/form-data\" action=\"\/agence\/wp-json\/wp\/v2\/pages\/16458\" data-token=\"e023e62449feffb31a4cd56c86eea5a0\" data-token-time=\"1776527018\"><noscript class=\"wpforms-error-noscript\">Veuillez activer JavaScript dans votre navigateur pour remplir ce formulaire.<\/noscript><div class=\"wpforms-field-container\"><div id=\"wpforms-16457-field_16-container\" class=\"wpforms-field wpforms-field-select wpforms-field-select-style-classic\" data-field-id=\"16\"><label class=\"wpforms-field-label\" for=\"wpforms-16457-field_16\">Annonces similaires par email<\/label><select id=\"wpforms-16457-field_16\" class=\"wpforms-field-medium\" name=\"wpforms[fields][16]\"><option value=\"Annonces similaires par email\"  class=\"choice-1 depth-1\"  >Annonces similaires par email<\/option><\/select><\/div><div id=\"wpforms-16457-field_13-container\" class=\"wpforms-field wpforms-field-text\" data-field-id=\"13\"><label class=\"wpforms-field-label\" for=\"wpforms-16457-field_13\">Noms<\/label><input type=\"text\" id=\"wpforms-16457-field_13\" class=\"wpforms-field-medium\" name=\"wpforms[fields][13]\" ><div class=\"wpforms-field-description\">inscrivez votre nom <\/div><\/div><div id=\"wpforms-16457-field_12-container\" class=\"wpforms-field wpforms-field-text\" data-field-id=\"12\"><label class=\"wpforms-field-label\" for=\"wpforms-16457-field_12\">Votre num\u00e9ro de t\u00e9l\u00e9phone  <span class=\"wpforms-required-label\">*<\/span><\/label><input type=\"text\" id=\"wpforms-16457-field_12\" class=\"wpforms-field-medium wpforms-field-required\" name=\"wpforms[fields][12]\" required><div class=\"wpforms-field-description\">ins\u00e9rer votre num\u00e9ro de t\u00e9l\u00e9phone de la forme\r\n06 XX XX XX XX<\/div><\/div><div id=\"wpforms-16457-field_14-container\" class=\"wpforms-field wpforms-field-email\" data-field-id=\"14\"><label class=\"wpforms-field-label\" for=\"wpforms-16457-field_14\">E-mail <span class=\"wpforms-required-label\">*<\/span><\/label><input type=\"email\" id=\"wpforms-16457-field_14\" class=\"wpforms-field-medium wpforms-field-required\" name=\"wpforms[fields][14]\" spellcheck=\"false\" required><div class=\"wpforms-field-description\">inscrivez votre email<\/div><\/div><div id=\"wpforms-16457-field_4-container\" class=\"wpforms-field wpforms-field-select wpforms-field-select-style-classic\" data-field-id=\"4\"><label class=\"wpforms-field-label\" for=\"wpforms-16457-field_4\">Votre recherche de biens immobiliers <span class=\"wpforms-required-label\">*<\/span><\/label><select id=\"wpforms-16457-field_4\" class=\"wpforms-field-medium wpforms-field-required\" name=\"wpforms[fields][4]\" required=\"required\"><option value=\"Appartement \"  class=\"choice-1 depth-1\"  >Appartement<\/option><option value=\"Villa \"  class=\"choice-2 depth-1\"  >Villa<\/option><option value=\"Studio\"  class=\"choice-3 depth-1\"  >Studio<\/option><\/select><div class=\"wpforms-field-description\">choisissez la categorie de bien qui vous interesse<\/div><\/div><div id=\"wpforms-16457-field_7-container\" class=\"wpforms-field wpforms-field-select wpforms-field-select-style-classic\" data-field-id=\"7\"><label class=\"wpforms-field-label\" for=\"wpforms-16457-field_7\">Categorie de biens  <span class=\"wpforms-required-label\">*<\/span><\/label><select id=\"wpforms-16457-field_7\" class=\"wpforms-field-medium wpforms-field-required\" name=\"wpforms[fields][7]\" required=\"required\"><option value=\"Achat\"  class=\"choice-1 depth-1\"  >Achat<\/option><\/select><div class=\"wpforms-field-description\">ins\u00e9rer ici la sous categorie du bien <\/div><\/div><div id=\"wpforms-16457-field_15-container\" class=\"wpforms-field wpforms-field-select wpforms-field-select-style-classic\" data-field-id=\"15\"><label class=\"wpforms-field-label\" for=\"wpforms-16457-field_15\">votre budget  <span class=\"wpforms-required-label\">*<\/span><\/label><select id=\"wpforms-16457-field_15\" class=\"wpforms-field-medium wpforms-field-required\" name=\"wpforms[fields][15]\" required=\"required\"><option value=\"700 000 A 1 000 000 DHS (+\/- 5%)\"  class=\"choice-1 depth-1\"  >700 000 A 1 000 000 DHS (+\/- 5%)<\/option><option value=\"1 000 000 A 1 200 000 DHS (+\/- 5%)\"  class=\"choice-4 depth-1\"  >1 000 000 A 1 200 000 DHS (+\/- 5%)<\/option><option value=\"1 200 000 A 1 400 000 DHS (+\/- 5%)\"  class=\"choice-5 depth-1\"  >1 200 000 A 1 400 000 DHS (+\/- 5%)<\/option><option value=\"1 400 000 A 1 700 000 DHS (+\/- 5%)\"  class=\"choice-6 depth-1\"  >1 400 000 A 1 700 000 DHS (+\/- 5%)<\/option><option value=\"1700 000 A 2000 000 DHS (+\/- 5%)\"  class=\"choice-7 depth-1\"  >1700 000 A 2000 000 DHS (+\/- 5%)<\/option><option value=\"2000 000 A 2500 000 DHS (+\/- 5%)\"  class=\"choice-8 depth-1\"  >2000 000 A 2500 000 DHS (+\/- 5%)<\/option><option value=\"2500 000 A 3000 000 DHS (+\/- 5%)\"  class=\"choice-9 depth-1\"  >2500 000 A 3000 000 DHS (+\/- 5%)<\/option><option value=\"3000 000 ET PLUS \"  class=\"choice-10 depth-1\"  >3000 000 ET PLUS<\/option><\/select><div class=\"wpforms-field-description\">ins\u00e9rer ici votre fourchette de budget <\/div><\/div><\/div><!-- .wpforms-field-container --><div class=\"wpforms-recaptcha-container wpforms-is-recaptcha wpforms-is-recaptcha-type-v2\" ><div class=\"g-recaptcha\" data-sitekey=\"6LcWex0pAAAAALV6gpn84BxoYPg07iDFM4ZMNfhb\"><\/div><input type=\"text\" name=\"g-recaptcha-hidden\" class=\"wpforms-recaptcha-hidden\" style=\"position:absolute!important;clip:rect(0,0,0,0)!important;height:1px!important;width:1px!important;border:0!important;overflow:hidden!important;padding:0!important;margin:0!important;\" data-rule-recaptcha=\"1\"><\/div><div class=\"wpforms-submit-container\" ><input type=\"hidden\" name=\"wpforms[id]\" value=\"16457\"><input type=\"hidden\" name=\"page_title\" value=\"\"><input type=\"hidden\" name=\"page_url\" value=\"https:\/\/alamal-immobilier.ma\/agence\/wp-json\/wp\/v2\/pages\/16458\"><input type=\"hidden\" name=\"url_referer\" value=\"\"><button type=\"submit\" name=\"wpforms[submit]\" id=\"wpforms-submit-16457\" class=\"wpforms-submit\" data-alt-text=\"Envoi...\" data-submit-text=\"Envoyer\" aria-live=\"assertive\" value=\"wpforms-submit\">Envoyer<\/button><\/div><\/form><\/div>  <!-- .wpforms-container -->","protected":false},"excerpt":{"rendered":"","protected":false},"author":1,"featured_media":0,"parent":0,"menu_order":0,"comment_status":"closed","ping_status":"closed","template":"","meta":{"footnotes":""},"class_list":["post-16458","page","type-page","status-publish","hentry"],"_links":{"self":[{"href":"https:\/\/alamal-immobilier.ma\/agence\/wp-json\/wp\/v2\/pages\/16458","targetHints":{"allow":["GET"]}}],"collection":[{"href":"https:\/\/alamal-immobilier.ma\/agence\/wp-json\/wp\/v2\/pages"}],"about":[{"href":"https:\/\/alamal-immobilier.ma\/agence\/wp-json\/wp\/v2\/types\/page"}],"author":[{"embeddable":true,"href":"https:\/\/alamal-immobilier.ma\/agence\/wp-json\/wp\/v2\/users\/1"}],"replies":[{"embeddable":true,"href":"https:\/\/alamal-immobilier.ma\/agence\/wp-json\/wp\/v2\/comments?post=16458"}],"version-history":[{"count":1,"href":"https:\/\/alamal-immobilier.ma\/agence\/wp-json\/wp\/v2\/pages\/16458\/revisions"}],"predecessor-version":[{"id":16469,"href":"https:\/\/alamal-immobilier.ma\/agence\/wp-json\/wp\/v2\/pages\/16458\/revisions\/16469"}],"wp:attachment":[{"href":"https:\/\/alamal-immobilier.ma\/agence\/wp-json\/wp\/v2\/media?parent=16458"}],"curies":[{"name":"wp","href":"https:\/\/api.w.org\/{rel}","templated":true}]}}